{"id":30,"date":"2026-03-18T17:17:21","date_gmt":"2026-03-18T17:17:21","guid":{"rendered":"https:\/\/www.trouver-couvreur.fr\/conseils\/?page_id=30"},"modified":"2026-03-18T17:30:36","modified_gmt":"2026-03-18T17:30:36","slug":"accueil","status":"publish","type":"page","link":"https:\/\/www.trouver-couvreur.fr\/conseils\/","title":{"rendered":"Travaux de couverture : guide complet pour entretenir et r\u00e9nover sa toiture"},"content":{"rendered":"\n<p>Les <strong>travaux de couverture<\/strong> sont essentiels pour prot\u00e9ger une habitation contre les intemp\u00e9ries, assurer une bonne isolation et pr\u00e9server la structure du b\u00e2timent. Qu\u2019il s\u2019agisse d\u2019une r\u00e9novation compl\u00e8te, d\u2019une r\u00e9paration ponctuelle ou d\u2019un simple entretien, la toiture joue un r\u00f4le cl\u00e9 dans la durabilit\u00e9 et la performance \u00e9nerg\u00e9tique d\u2019une maison.<\/p>\n\n\n\n<p>Sur cette section conseils d\u00e9di\u00e9e aux <strong>travaux de couverture<\/strong>, vous trouverez toutes les informations utiles pour comprendre les diff\u00e9rents types de toitures, identifier les signes d\u2019usure et choisir le bon professionnel pour vos travaux.<\/p>\n\n\n\n<div id=\"ez-toc-container\" class=\"ez-toc-v2_0_81 counter-hierarchy ez-toc-counter ez-toc-grey ez-toc-container-direction\">\n<div class=\"ez-toc-title-container\">\n<p class=\"ez-toc-title\" style=\"cursor:inherit\">Sommaire<\/p>\n<span class=\"ez-toc-title-toggle\"><a href=\"#\" class=\"ez-toc-pull-right ez-toc-btn ez-toc-btn-xs ez-toc-btn-default ez-toc-toggle\" aria-label=\"Toggle Table of Content\"><span class=\"ez-toc-js-icon-con\"><span class=\"\"><span class=\"eztoc-hide\" style=\"display:none;\">Toggle<\/span><span class=\"ez-toc-icon-toggle-span\"><svg style=\"fill: #999;color:#999\" xmlns=\"http:\/\/www.w3.org\/2000\/svg\" class=\"list-377408\" width=\"20px\" height=\"20px\" viewBox=\"0 0 24 24\" fill=\"none\"><path d=\"M6 6H4v2h2V6zm14 0H8v2h12V6zM4 11h2v2H4v-2zm16 0H8v2h12v-2zM4 16h2v2H4v-2zm16 0H8v2h12v-2z\" fill=\"currentColor\"><\/path><\/svg><svg style=\"fill: #999;color:#999\" class=\"arrow-unsorted-368013\" xmlns=\"http:\/\/www.w3.org\/2000\/svg\" width=\"10px\" height=\"10px\" viewBox=\"0 0 24 24\" version=\"1.2\" baseProfile=\"tiny\"><path d=\"M18.2 9.3l-6.2-6.3-6.2 6.3c-.2.2-.3.4-.3.7s.1.5.3.7c.2.2.4.3.7.3h11c.3 0 .5-.1.7-.3.2-.2.3-.5.3-.7s-.1-.5-.3-.7zM5.8 14.7l6.2 6.3 6.2-6.3c.2-.2.3-.5.3-.7s-.1-.5-.3-.7c-.2-.2-.4-.3-.7-.3h-11c-.3 0-.5.1-.7.3-.2.2-.3.5-.3.7s.1.5.3.7z\"\/><\/svg><\/span><\/span><\/span><\/a><\/span><\/div>\n<nav><ul class='ez-toc-list ez-toc-list-level-1 ' ><li class='ez-toc-page-1 ez-toc-heading-level-2'><a class=\"ez-toc-link ez-toc-heading-1\" href=\"https:\/\/www.trouver-couvreur.fr\/conseils\/#Pourquoi_les_travaux_de_couverture_sont_indispensables\" >Pourquoi les travaux de couverture sont indispensables<\/a><\/li><li class='ez-toc-page-1 ez-toc-heading-level-2'><a class=\"ez-toc-link ez-toc-heading-2\" href=\"https:\/\/www.trouver-couvreur.fr\/conseils\/#Les_principaux_travaux_de_couverture\" >Les principaux travaux de couverture<\/a><ul class='ez-toc-list-level-3' ><li class='ez-toc-heading-level-3'><a class=\"ez-toc-link ez-toc-heading-3\" href=\"https:\/\/www.trouver-couvreur.fr\/conseils\/#La_renovation_de_toiture\" >La r\u00e9novation de toiture<\/a><\/li><li class='ez-toc-page-1 ez-toc-heading-level-3'><a class=\"ez-toc-link ez-toc-heading-4\" href=\"https:\/\/www.trouver-couvreur.fr\/conseils\/#La_reparation_de_toiture\" >La r\u00e9paration de toiture<\/a><\/li><li class='ez-toc-page-1 ez-toc-heading-level-3'><a class=\"ez-toc-link ez-toc-heading-5\" href=\"https:\/\/www.trouver-couvreur.fr\/conseils\/#Lentretien_et_le_nettoyage\" >L\u2019entretien et le nettoyage<\/a><\/li><li class='ez-toc-page-1 ez-toc-heading-level-3'><a class=\"ez-toc-link ez-toc-heading-6\" href=\"https:\/\/www.trouver-couvreur.fr\/conseils\/#Lisolation_de_la_toiture\" >L\u2019isolation de la toiture<\/a><\/li><\/ul><\/li><li class='ez-toc-page-1 ez-toc-heading-level-2'><a class=\"ez-toc-link ez-toc-heading-7\" href=\"https:\/\/www.trouver-couvreur.fr\/conseils\/#Quand_faut-il_envisager_des_travaux_de_couverture\" >Quand faut-il envisager des travaux de couverture ?<\/a><\/li><li class='ez-toc-page-1 ez-toc-heading-level-2'><a class=\"ez-toc-link ez-toc-heading-8\" href=\"https:\/\/www.trouver-couvreur.fr\/conseils\/#Faire_appel_a_un_couvreur_qualifie\" >Faire appel \u00e0 un couvreur qualifi\u00e9<\/a><\/li><li class='ez-toc-page-1 ez-toc-heading-level-2'><a class=\"ez-toc-link ez-toc-heading-9\" href=\"https:\/\/www.trouver-couvreur.fr\/conseils\/#Trouver_un_professionnel_pour_vos_travaux_de_couverture\" >Trouver un professionnel pour vos travaux de couverture<\/a><\/li><li class='ez-toc-page-1 ez-toc-heading-level-2'><a class=\"ez-toc-link ez-toc-heading-10\" href=\"https:\/\/www.trouver-couvreur.fr\/conseils\/#Allez_plus_loin_avec_nos_guides_thematiques\" >Allez plus loin avec nos guides th\u00e9matiques :<\/a><\/li><li class='ez-toc-page-1 ez-toc-heading-level-2'><a class=\"ez-toc-link ez-toc-heading-11\" href=\"https:\/\/www.trouver-couvreur.fr\/conseils\/#Limportance_de_lisolation_sous_toiture\" >L&rsquo;importance de l&rsquo;isolation sous toiture<\/a><\/li><li class='ez-toc-page-1 ez-toc-heading-level-2'><a class=\"ez-toc-link ez-toc-heading-12\" href=\"https:\/\/www.trouver-couvreur.fr\/conseils\/#Comment_verifier_letat_de_ses_tuiles\" >Comment v\u00e9rifier l&rsquo;\u00e9tat de ses tuiles ?<\/a><\/li><li class='ez-toc-page-1 ez-toc-heading-level-2'><a class=\"ez-toc-link ez-toc-heading-13\" href=\"https:\/\/www.trouver-couvreur.fr\/conseils\/#Choisir_les_bons_materiaux_de_toiture\" >Choisir les bons mat\u00e9riaux de toiture<\/a><\/li><\/ul><\/nav><\/div>\n<h2 class=\"wp-block-heading\"><span class=\"ez-toc-section\" id=\"Pourquoi_les_travaux_de_couverture_sont_indispensables\"><\/span>Pourquoi les travaux de couverture sont indispensables<span class=\"ez-toc-section-end\"><\/span><\/h2>\n\n\n\n<p>La couverture constitue la premi\u00e8re barri\u00e8re contre la pluie, la neige, le vent et les variations de temp\u00e9rature. Avec le temps, les mat\u00e9riaux peuvent s\u2019ab\u00eemer, se d\u00e9placer ou perdre leur \u00e9tanch\u00e9it\u00e9. Des <strong>travaux de couverture r\u00e9guliers<\/strong> permettent donc d\u2019\u00e9viter des probl\u00e8mes plus importants comme les infiltrations d\u2019eau, les pertes de chaleur ou la d\u00e9t\u00e9rioration de la charpente.<\/p>\n\n\n\n<p>Une toiture bien entretenue contribue \u00e9galement \u00e0 am\u00e9liorer le confort thermique de la maison et \u00e0 r\u00e9duire les d\u00e9penses \u00e9nerg\u00e9tiques. Elle participe aussi \u00e0 la valorisation du bien immobilier, notamment en cas de revente.<\/p>\n\n\n\n<h2 class=\"wp-block-heading\"><span class=\"ez-toc-section\" id=\"Les_principaux_travaux_de_couverture\"><\/span>Les principaux travaux de couverture<span class=\"ez-toc-section-end\"><\/span><\/h2>\n\n\n\n<p>Les interventions sur une toiture peuvent \u00eatre tr\u00e8s vari\u00e9es selon l\u2019\u00e9tat du toit, le type de mat\u00e9riau et l\u2019anciennet\u00e9 de la maison. Parmi les <strong>travaux de couverture les plus fr\u00e9quents<\/strong>, on retrouve :<\/p>\n\n\n\n<h3 class=\"wp-block-heading\"><span class=\"ez-toc-section\" id=\"La_renovation_de_toiture\"><\/span>La r\u00e9novation de toiture<span class=\"ez-toc-section-end\"><\/span><\/h3>\n\n\n\n<p>La r\u00e9novation consiste \u00e0 remplacer tout ou partie de la couverture lorsque celle-ci est trop endommag\u00e9e. Cela peut inclure le changement des tuiles ou ardoises, la r\u00e9paration de la charpente ou encore la pose d\u2019un nouvel \u00e9cran sous toiture.<\/p>\n\n\n\n<h3 class=\"wp-block-heading\"><span class=\"ez-toc-section\" id=\"La_reparation_de_toiture\"><\/span>La r\u00e9paration de toiture<span class=\"ez-toc-section-end\"><\/span><\/h3>\n\n\n\n<p>Certaines interventions sont plus ponctuelles : remplacement de tuiles cass\u00e9es, r\u00e9paration d\u2019une fuite, reprise de l\u2019\u00e9tanch\u00e9it\u00e9 autour d\u2019une chemin\u00e9e ou d\u2019une fen\u00eatre de toit.<\/p>\n\n\n\n<h3 class=\"wp-block-heading\"><span class=\"ez-toc-section\" id=\"Lentretien_et_le_nettoyage\"><\/span>L\u2019entretien et le nettoyage<span class=\"ez-toc-section-end\"><\/span><\/h3>\n\n\n\n<p>Un entretien r\u00e9gulier permet de prolonger la dur\u00e9e de vie d\u2019une toiture. Il comprend g\u00e9n\u00e9ralement le <strong>d\u00e9moussage de toiture<\/strong>, le nettoyage des goutti\u00e8res et l\u2019application de traitements hydrofuges.<\/p>\n\n\n\n<h3 class=\"wp-block-heading\"><span class=\"ez-toc-section\" id=\"Lisolation_de_la_toiture\"><\/span>L\u2019isolation de la toiture<span class=\"ez-toc-section-end\"><\/span><\/h3>\n\n\n\n<p>Lors de travaux de couverture, il est souvent pertinent d\u2019am\u00e9liorer l\u2019isolation thermique. Une bonne isolation de la toiture peut r\u00e9duire jusqu\u2019\u00e0 30 % des pertes de chaleur d\u2019une maison.<\/p>\n\n\n\n<h2 class=\"wp-block-heading\"><span class=\"ez-toc-section\" id=\"Quand_faut-il_envisager_des_travaux_de_couverture\"><\/span>Quand faut-il envisager des travaux de couverture ?<span class=\"ez-toc-section-end\"><\/span><\/h2>\n\n\n\n<p>Plusieurs signes peuvent indiquer qu\u2019une toiture n\u00e9cessite une intervention :<\/p>\n\n\n\n<ul class=\"wp-block-list\">\n<li>apparition de tuiles cass\u00e9es ou d\u00e9plac\u00e9es<\/li>\n\n\n\n<li>pr\u00e9sence de mousse importante<\/li>\n\n\n\n<li>traces d\u2019humidit\u00e9 dans les combles<\/li>\n\n\n\n<li>infiltrations d\u2019eau apr\u00e8s de fortes pluies<\/li>\n\n\n\n<li>affaissement ou d\u00e9formation de la toiture<\/li>\n<\/ul>\n\n\n\n<p>Dans ces situations, il est conseill\u00e9 de faire r\u00e9aliser rapidement un diagnostic par un <strong>couvreur professionnel<\/strong> afin d\u2019\u00e9viter des d\u00e9g\u00e2ts plus importants.<\/p>\n\n\n\n<h2 class=\"wp-block-heading\"><span class=\"ez-toc-section\" id=\"Faire_appel_a_un_couvreur_qualifie\"><\/span>Faire appel \u00e0 un couvreur qualifi\u00e9<span class=\"ez-toc-section-end\"><\/span><\/h2>\n\n\n\n<p>Les travaux sur une toiture demandent un savoir-faire sp\u00e9cifique et un mat\u00e9riel adapt\u00e9. Pour garantir la qualit\u00e9 et la s\u00e9curit\u00e9 du chantier, il est recommand\u00e9 de faire appel \u00e0 une entreprise sp\u00e9cialis\u00e9e dans les <strong>travaux de couverture<\/strong>.<\/p>\n\n\n\n<p>Un couvreur professionnel pourra :<\/p>\n\n\n\n<ul class=\"wp-block-list\">\n<li>\u00e9valuer l\u2019\u00e9tat de votre toiture<\/li>\n\n\n\n<li>vous conseiller sur les mat\u00e9riaux adapt\u00e9s<\/li>\n\n\n\n<li>\u00e9tablir un devis d\u00e9taill\u00e9<\/li>\n\n\n\n<li>r\u00e9aliser les travaux dans le respect des normes en vigueur<\/li>\n<\/ul>\n\n\n\n<p>Comparer plusieurs artisans permet \u00e9galement de trouver l\u2019offre la plus adapt\u00e9e \u00e0 votre projet.<\/p>\n\n\n\n<h2 class=\"wp-block-heading\"><span class=\"ez-toc-section\" id=\"Trouver_un_professionnel_pour_vos_travaux_de_couverture\"><\/span>Trouver un professionnel pour vos travaux de couverture<span class=\"ez-toc-section-end\"><\/span><\/h2>\n\n\n\n<p>Notre annuaire vous permet de <strong><a href=\"https:\/\/www.trouver-couvreur.fr\/\">trouver facilement un couvreur pr\u00e8s de chez vous<\/a><\/strong> pour tous vos projets : r\u00e9novation de toiture, r\u00e9paration, entretien ou isolation.<\/p>\n\n\n\n<p>Gr\u00e2ce \u00e0 cette section conseils, vous pourrez \u00e9galement d\u00e9couvrir de nombreux guides pratiques pour mieux comprendre les <strong>travaux de couverture<\/strong>, pr\u00e9parer votre chantier et choisir les solutions les plus adapt\u00e9es \u00e0 votre habitation.<\/p>\n\n\n\n<p>Que vous envisagiez une <strong>simple r\u00e9paration<\/strong> ou une <strong>r\u00e9novation compl\u00e8te de votre toiture<\/strong>, disposer des bonnes informations est la premi\u00e8re \u00e9tape pour r\u00e9ussir vos travaux.<\/p>\n\n\n\n<h2 class=\"wp-block-heading\"><span class=\"ez-toc-section\" id=\"Allez_plus_loin_avec_nos_guides_thematiques\"><\/span>Allez plus loin avec nos guides th\u00e9matiques :<span class=\"ez-toc-section-end\"><\/span><\/h2>\n\n\n\n<div><div class=\"gb-looper-1b19ac04\">\n<div class=\"gb-loop-item gb-loop-item-2a55ac12 post-37 post type-post status-publish format-standard has-post-thumbnail hentry category-conseils\">\n<img loading=\"lazy\" decoding=\"async\" width=\"1536\" height=\"1024\" data-media-id=\"55\" class=\"gb-media-d97c78dd\" src=\"https:\/\/www.trouver-couvreur.fr\/conseils\/wp-content\/uploads\/2026\/03\/isolation-sous-toiture.webp\" alt=\"L\u2019importance de l\u2019isolation sous toiture\" srcset=\"https:\/\/www.trouver-couvreur.fr\/conseils\/wp-content\/uploads\/2026\/03\/isolation-sous-toiture.webp 1536w, https:\/\/www.trouver-couvreur.fr\/conseils\/wp-content\/uploads\/2026\/03\/isolation-sous-toiture-300x200.webp 300w, https:\/\/www.trouver-couvreur.fr\/conseils\/wp-content\/uploads\/2026\/03\/isolation-sous-toiture-1024x683.webp 1024w, https:\/\/www.trouver-couvreur.fr\/conseils\/wp-content\/uploads\/2026\/03\/isolation-sous-toiture-768x512.webp 768w\" sizes=\"auto, (max-width: 1536px) 100vw, 1536px\" \/>\n\n\n\n<h2 class=\"gb-text gb-text-63d5b21d\"><span class=\"ez-toc-section\" id=\"Limportance_de_lisolation_sous_toiture\"><\/span><a href=\"https:\/\/www.trouver-couvreur.fr\/conseils\/limportance-de-lisolation-sous-toiture\/\">L&rsquo;importance de l&rsquo;isolation sous toiture<\/a><span class=\"ez-toc-section-end\"><\/span><\/h2>\n\n\n\n<p class=\"gb-text gb-text-e1ace645\">18 mars 2026<\/p>\n\n\n\n<p class=\"gb-text\">Dans un contexte o\u00f9 la performance \u00e9nerg\u00e9tique des logements devient une priorit\u00e9 incontournable, l\u2019isolation sous toiture s\u2019impose comme un \u00e9l\u00e9ment cl\u00e9 pour allier \u00e9conomies d&rsquo;\u00e9nergie et confort thermique. Tr\u00e8s souvent sous-estim\u00e9e, cette \u00e9tape influence directement la r\u00e9duction des pertes de chaleur, une probl\u00e9matique majeure qui repr\u00e9sente jusqu\u2019\u00e0 30% des d\u00e9perditions d\u2019\u00e9nergie dans une habitation. En<\/p>\n<\/div>\n\n<div class=\"gb-loop-item gb-loop-item-2a55ac12 post-35 post type-post status-publish format-standard has-post-thumbnail hentry category-conseils\">\n<img loading=\"lazy\" decoding=\"async\" width=\"2016\" height=\"1152\" data-media-id=\"58\" class=\"gb-media-d97c78dd\" src=\"https:\/\/www.trouver-couvreur.fr\/conseils\/wp-content\/uploads\/2026\/03\/Comment-verifier-letat-de-ses-tuiles-.png\" alt=\"Comment v\u00e9rifier l\u2019\u00e9tat de ses tuiles ?\" srcset=\"https:\/\/www.trouver-couvreur.fr\/conseils\/wp-content\/uploads\/2026\/03\/Comment-verifier-letat-de-ses-tuiles-.png 2016w, https:\/\/www.trouver-couvreur.fr\/conseils\/wp-content\/uploads\/2026\/03\/Comment-verifier-letat-de-ses-tuiles--300x171.png 300w, https:\/\/www.trouver-couvreur.fr\/conseils\/wp-content\/uploads\/2026\/03\/Comment-verifier-letat-de-ses-tuiles--1024x585.png 1024w, https:\/\/www.trouver-couvreur.fr\/conseils\/wp-content\/uploads\/2026\/03\/Comment-verifier-letat-de-ses-tuiles--768x439.png 768w, https:\/\/www.trouver-couvreur.fr\/conseils\/wp-content\/uploads\/2026\/03\/Comment-verifier-letat-de-ses-tuiles--1536x878.png 1536w\" sizes=\"auto, (max-width: 2016px) 100vw, 2016px\" \/>\n\n\n\n<h2 class=\"gb-text gb-text-63d5b21d\"><span class=\"ez-toc-section\" id=\"Comment_verifier_letat_de_ses_tuiles\"><\/span><a href=\"https:\/\/www.trouver-couvreur.fr\/conseils\/comment-verifier-letat-de-ses-tuiles\/\">Comment v\u00e9rifier l&rsquo;\u00e9tat de ses tuiles ?<\/a><span class=\"ez-toc-section-end\"><\/span><\/h2>\n\n\n\n<p class=\"gb-text gb-text-e1ace645\">18 mars 2026<\/p>\n\n\n\n<p class=\"gb-text\">Que ce soit pour pr\u00e9server la s\u00e9curit\u00e9 de votre habitation ou pour \u00e9viter des r\u00e9parations co\u00fbteuses, la v\u00e9rification r\u00e9guli\u00e8re de l&rsquo;\u00e9tat des tuiles constitue un enjeu majeur en 2026. Dans un contexte o\u00f9 les variations climatiques se font de plus en plus impr\u00e9visibles \u2014 alternant entre temp\u00eates violentes et p\u00e9riodes de s\u00e9cheresse intense \u2014, la<\/p>\n<\/div>\n\n<div class=\"gb-loop-item gb-loop-item-2a55ac12 post-33 post type-post status-publish format-standard has-post-thumbnail hentry category-conseils\">\n<img loading=\"lazy\" decoding=\"async\" width=\"2016\" height=\"1152\" data-media-id=\"52\" class=\"gb-media-d97c78dd\" src=\"https:\/\/www.trouver-couvreur.fr\/conseils\/wp-content\/uploads\/2026\/03\/Choisir-les-bons-materiaux-de-toiture.png\" alt=\"Choisir les bons mat\u00e9riaux de toiture\" srcset=\"https:\/\/www.trouver-couvreur.fr\/conseils\/wp-content\/uploads\/2026\/03\/Choisir-les-bons-materiaux-de-toiture.png 2016w, https:\/\/www.trouver-couvreur.fr\/conseils\/wp-content\/uploads\/2026\/03\/Choisir-les-bons-materiaux-de-toiture-300x171.png 300w, https:\/\/www.trouver-couvreur.fr\/conseils\/wp-content\/uploads\/2026\/03\/Choisir-les-bons-materiaux-de-toiture-1024x585.png 1024w, https:\/\/www.trouver-couvreur.fr\/conseils\/wp-content\/uploads\/2026\/03\/Choisir-les-bons-materiaux-de-toiture-768x439.png 768w, https:\/\/www.trouver-couvreur.fr\/conseils\/wp-content\/uploads\/2026\/03\/Choisir-les-bons-materiaux-de-toiture-1536x878.png 1536w\" sizes=\"auto, (max-width: 2016px) 100vw, 2016px\" \/>\n\n\n\n<h2 class=\"gb-text gb-text-63d5b21d\"><span class=\"ez-toc-section\" id=\"Choisir_les_bons_materiaux_de_toiture\"><\/span><a href=\"https:\/\/www.trouver-couvreur.fr\/conseils\/choisir-les-bons-materiaux-de-toiture\/\">Choisir les bons mat\u00e9riaux de toiture<\/a><span class=\"ez-toc-section-end\"><\/span><\/h2>\n\n\n\n<p class=\"gb-text gb-text-e1ace645\">18 mars 2026<\/p>\n\n\n\n<p class=\"gb-text\">La toiture, \u00e9l\u00e9ment fondamental de toute construction, joue un r\u00f4le crucial non seulement dans la protection contre les intemp\u00e9ries mais aussi dans l&rsquo;isolation thermique et l&rsquo;esth\u00e9tique g\u00e9n\u00e9rale d&rsquo;un b\u00e2timent. Le choix des mat\u00e9riaux de toiture s&rsquo;impose d\u00e8s lors comme une d\u00e9cision d\u00e9terminante qui influencera \u00e0 la fois le confort des habitants et la durabilit\u00e9 de<\/p>\n<\/div>\n<\/div>\n\n\n<div class=\"gb-element-aaea271f gb-query-loop-pagination\">\n\n\n\n<\/div>\n\n\n<\/div>\n","protected":false},"excerpt":{"rendered":"<p>Les travaux de couverture sont essentiels pour prot\u00e9ger une habitation contre les intemp\u00e9ries, assurer une bonne isolation et pr\u00e9server la structure du b\u00e2timent. Qu\u2019il s\u2019agisse d\u2019une r\u00e9novation compl\u00e8te, d\u2019une r\u00e9paration ponctuelle ou d\u2019un simple entretien, la toiture joue un r\u00f4le cl\u00e9 dans la durabilit\u00e9 et la performance \u00e9nerg\u00e9tique d\u2019une maison. Sur cette section conseils d\u00e9di\u00e9e &#8230; <a title=\"Travaux de couverture : guide complet pour entretenir et r\u00e9nover sa toiture\" class=\"read-more\" href=\"https:\/\/www.trouver-couvreur.fr\/conseils\/\" aria-label=\"En savoir plus sur Travaux de couverture : guide complet pour entretenir et r\u00e9nover sa toiture\">Lire plus<\/a><\/p>\n","protected":false},"author":1,"featured_media":0,"parent":0,"menu_order":0,"comment_status":"closed","ping_status":"closed","template":"","meta":{"footnotes":""},"class_list":["post-30","page","type-page","status-publish"],"_links":{"self":[{"href":"https:\/\/www.trouver-couvreur.fr\/conseils\/wp-json\/wp\/v2\/pages\/30","targetHints":{"allow":["GET"]}}],"collection":[{"href":"https:\/\/www.trouver-couvreur.fr\/conseils\/wp-json\/wp\/v2\/pages"}],"about":[{"href":"https:\/\/www.trouver-couvreur.fr\/conseils\/wp-json\/wp\/v2\/types\/page"}],"author":[{"embeddable":true,"href":"https:\/\/www.trouver-couvreur.fr\/conseils\/wp-json\/wp\/v2\/users\/1"}],"replies":[{"embeddable":true,"href":"https:\/\/www.trouver-couvreur.fr\/conseils\/wp-json\/wp\/v2\/comments?post=30"}],"version-history":[{"count":4,"href":"https:\/\/www.trouver-couvreur.fr\/conseils\/wp-json\/wp\/v2\/pages\/30\/revisions"}],"predecessor-version":[{"id":49,"href":"https:\/\/www.trouver-couvreur.fr\/conseils\/wp-json\/wp\/v2\/pages\/30\/revisions\/49"}],"wp:attachment":[{"href":"https:\/\/www.trouver-couvreur.fr\/conseils\/wp-json\/wp\/v2\/media?parent=30"}],"curies":[{"name":"wp","href":"https:\/\/api.w.org\/{rel}","templated":true}]}}